{"id":1104,"date":"2025-02-08T18:59:59","date_gmt":"2025-02-08T16:59:59","guid":{"rendered":"https:\/\/delemar.codev-eg.com\/?page_id=1104"},"modified":"2025-02-19T07:31:25","modified_gmt":"2025-02-19T05:31:25","slug":"faqs","status":"publish","type":"page","link":"https:\/\/delemar.codev-eg.com\/de\/faqs\/","title":{"rendered":"FAQs"},"content":{"rendered":"<div data-elementor-type=\"wp-page\" data-elementor-id=\"1104\" class=\"elementor elementor-1104\" data-elementor-post-type=\"page\">\n\t\t\t\t<div class=\"elementor-element elementor-element-cd9ae0d e-con-full e-flex e-con e-parent\" data-id=\"cd9ae0d\" data-element_type=\"container\" data-settings=\"{&quot;ekit_has_onepagescroll_dot&quot;:&quot;yes&quot;}\">\n\t\t<div class=\"elementor-element elementor-element-4677a72 e-con-full e-flex e-con e-child\" data-id=\"4677a72\" data-element_type=\"container\" data-settings=\"{&quot;ekit_has_onepagescroll_dot&quot;:&quot;yes&quot;}\">\n\t\t\t\t<div class=\"elementor-element elementor-element-51e419b elementor-widget elementor-widget-breadcrumbs\" data-id=\"51e419b\" data-element_type=\"widget\" data-settings=\"{&quot;ekit_we_effect_on&quot;:&quot;none&quot;}\" data-widget_type=\"breadcrumbs.default\">\n\t\t\t\t\t<p id=\"breadcrumbs\"><span><span><a href=\"https:\/\/delemar.codev-eg.com\/de\/\">Heim<\/a><\/span><\/span><\/p>\t\t\t\t<\/div>\n\t\t\t\t<div class=\"elementor-element elementor-element-23c9346 elementor-widget elementor-widget-heading\" data-id=\"23c9346\" data-element_type=\"widget\" data-settings=\"{&quot;ekit_we_effect_on&quot;:&quot;none&quot;}\" data-widget_type=\"heading.default\">\n\t\t\t\t\t<h2 class=\"elementor-heading-title elementor-size-default\">FAQs<\/h2>\t\t\t\t<\/div>\n\t\t\t\t<\/div>\n\t\t\t\t<\/div>\n\t\t<div class=\"elementor-element elementor-element-b9e5d5c e-con-full e-flex e-con e-parent\" data-id=\"b9e5d5c\" data-element_type=\"container\" data-settings=\"{&quot;ekit_has_onepagescroll_dot&quot;:&quot;yes&quot;}\">\n\t\t<div class=\"elementor-element elementor-element-874e2de e-con-full e-flex e-con e-child\" data-id=\"874e2de\" data-element_type=\"container\" data-settings=\"{&quot;ekit_has_onepagescroll_dot&quot;:&quot;yes&quot;}\">\n\t\t\t\t<div class=\"elementor-element elementor-element-0e47286 elementor-widget elementor-widget-heading\" data-id=\"0e47286\" data-element_type=\"widget\" data-settings=\"{&quot;ekit_we_effect_on&quot;:&quot;none&quot;}\" data-widget_type=\"heading.default\">\n\t\t\t\t\t<h2 class=\"elementor-heading-title elementor-size-default\">H\u00e4ufig gestellte Fragen<\/h2>\t\t\t\t<\/div>\n\t\t\t\t<\/div>\n\t\t<div class=\"elementor-element elementor-element-97e760e e-con-full e-flex e-con e-child\" data-id=\"97e760e\" data-element_type=\"container\" data-settings=\"{&quot;ekit_has_onepagescroll_dot&quot;:&quot;yes&quot;}\">\n\t\t\t\t<div class=\"elementor-element elementor-element-ccfef9e elementor-widget__width-initial elementor-widget elementor-widget-heading\" data-id=\"ccfef9e\" data-element_type=\"widget\" data-settings=\"{&quot;ekit_we_effect_on&quot;:&quot;none&quot;}\" data-widget_type=\"heading.default\">\n\t\t\t\t\t<h2 class=\"elementor-heading-title elementor-size-default\">Willkommen auf unserer FAQ-Seite! Hier haben wir Antworten auf die h\u00e4ufigsten Fragen zu unseren Services, Bestellungen, Versand, Zahlungen und mehr zusammengestellt. Unser Ziel ist es, Ihnen schnelle und klare Informationen zu geben, um Ihre Erfahrungen mit uns zu verbessern.<\/h2>\t\t\t\t<\/div>\n\t\t\t\t<div class=\"elementor-element elementor-element-fbb5a75 elementor-widget elementor-widget-heading\" data-id=\"fbb5a75\" data-element_type=\"widget\" data-settings=\"{&quot;ekit_we_effect_on&quot;:&quot;none&quot;}\" data-widget_type=\"heading.default\">\n\t\t\t\t\t<h2 class=\"elementor-heading-title elementor-size-default\">Wenn Sie die gesuchte Antwort nicht finden k\u00f6nnen, k\u00f6nnen Sie sich gerne an unser Kontaktformular wenden \u2013 wir helfen Ihnen gerne weiter!<\/h2>\t\t\t\t<\/div>\n\t\t\t\t<\/div>\n\t\t<div class=\"elementor-element elementor-element-ac45e8e e-con-full e-flex e-con e-child\" data-id=\"ac45e8e\" data-element_type=\"container\" data-settings=\"{&quot;ekit_has_onepagescroll_dot&quot;:&quot;yes&quot;}\">\n\t\t\t\t<div class=\"elementor-element elementor-element-37470c7 elementor-widget elementor-widget-n-accordion\" data-id=\"37470c7\" data-element_type=\"widget\" data-settings=\"{&quot;default_state&quot;:&quot;all_collapsed&quot;,&quot;max_items_expended&quot;:&quot;one&quot;,&quot;n_accordion_animation_duration&quot;:{&quot;unit&quot;:&quot;ms&quot;,&quot;size&quot;:400,&quot;sizes&quot;:[]},&quot;ekit_we_effect_on&quot;:&quot;none&quot;}\" data-widget_type=\"nested-accordion.default\">\n\t\t\t\t\t\t\t<div class=\"e-n-accordion\" aria-label=\"Accordion. Open links with Enter or Space, close with Escape, and navigate with Arrow Keys\">\n\t\t\t\t\t\t<details id=\"e-n-accordion-item-5790\" class=\"e-n-accordion-item\" >\n\t\t\t\t<summary class=\"e-n-accordion-item-title\" data-accordion-index=\"1\" tabindex=\"0\" aria-expanded=\"false\" aria-controls=\"e-n-accordion-item-5790\" >\n\t\t\t\t\t<span class='e-n-accordion-item-title-header'><div class=\"e-n-accordion-item-title-text\"> Wie hoch ist Ihre Produktionskapazit\u00e4t? <\/div><\/span>\n\t\t\t\t\t\t\t<span class='e-n-accordion-item-title-icon'>\n\t\t\t<span class='e-opened' ><svg aria-hidden=\"true\" class=\"e-font-icon-svg e-fas-angle-down\" viewbox=\"0 0 320 512\" xmlns=\"http:\/\/www.w3.org\/2000\/svg\"><path d=\"M143 352.3L7 216.3c-9.4-9.4-9.4-24.6 0-33.9l22.6-22.6c9.4-9.4 24.6-9.4 33.9 0l96.4 96.4 96.4-96.4c9.4-9.4 24.6-9.4 33.9 0l22.6 22.6c9.4 9.4 9.4 24.6 0 33.9l-136 136c-9.2 9.4-24.4 9.4-33.8 0z\"><\/path><\/svg><\/span>\n\t\t\t<span class='e-closed'><svg aria-hidden=\"true\" class=\"e-font-icon-svg e-fas-angle-up\" viewbox=\"0 0 320 512\" xmlns=\"http:\/\/www.w3.org\/2000\/svg\"><path d=\"M177 159.7l136 136c9.4 9.4 9.4 24.6 0 33.9l-22.6 22.6c-9.4 9.4-24.6 9.4-33.9 0L160 255.9l-96.4 96.4c-9.4 9.4-24.6 9.4-33.9 0L7 329.7c-9.4-9.4-9.4-24.6 0-33.9l136-136c9.4-9.5 24.6-9.5 34-.1z\"><\/path><\/svg><\/span>\n\t\t<\/span>\n\n\t\t\t\t\t\t<\/summary>\n\t\t\t\t<div role=\"region\" aria-labelledby=\"e-n-accordion-item-5790\" class=\"elementor-element elementor-element-d1cc1a8 e-con-full e-flex e-con e-child\" data-id=\"d1cc1a8\" data-element_type=\"container\" data-settings=\"{&quot;ekit_has_onepagescroll_dot&quot;:&quot;yes&quot;}\">\n\t\t\t\t<div class=\"elementor-element elementor-element-82f1b53 elementor-widget elementor-widget-text-editor\" data-id=\"82f1b53\" data-element_type=\"widget\" data-settings=\"{&quot;ekit_we_effect_on&quot;:&quot;none&quot;}\" data-widget_type=\"text-editor.default\">\n\t\t\t\t\t\t\t\t\t<p class=\"translation-block\"><strong>\u2013 <\/strong>Die Delemar Industrial Group verf\u00fcgt \u00fcber eine j\u00e4hrliche Produktionskapazit\u00e4t von <strong>85.000 Tonnen Aluminiumprofilen<\/strong> in f\u00fcnf Fabriken.<br><strong>\u2013 Produktion von beschichtetem Aluminium<\/strong>: J\u00e4hrlich \u00fcber <strong>20.000+ Tonnen<\/strong> beschichtete Aluminiuml\u00f6sungen.<br><strong>\u2013 Formenbau<\/strong>: Produziert j\u00e4hrlich <strong>3.000 Formen<\/strong> f\u00fcr die Aluminiumextrusion.<br><strong>\u2013 Verarbeitetes Glas (DPG)<\/strong>: Moderne europ\u00e4ische Produktionslinien f\u00fcr Glash\u00e4rtung, Doppelverglasung, Schneiden und Kanten.<\/p>\t\t\t\t\t\t\t\t<\/div>\n\t\t\t\t<\/div>\n\t\t\t\t\t<\/details>\n\t\t\t\t\t\t<details id=\"e-n-accordion-item-5791\" class=\"e-n-accordion-item\" >\n\t\t\t\t<summary class=\"e-n-accordion-item-title\" data-accordion-index=\"2\" tabindex=\"-1\" aria-expanded=\"false\" aria-controls=\"e-n-accordion-item-5791\" >\n\t\t\t\t\t<span class='e-n-accordion-item-title-header'><div class=\"e-n-accordion-item-title-text\"> Seit wann ist die Delemar Industrial Group im Gesch\u00e4ft? <\/div><\/span>\n\t\t\t\t\t\t\t<span class='e-n-accordion-item-title-icon'>\n\t\t\t<span class='e-opened' ><svg aria-hidden=\"true\" class=\"e-font-icon-svg e-fas-angle-down\" viewbox=\"0 0 320 512\" xmlns=\"http:\/\/www.w3.org\/2000\/svg\"><path d=\"M143 352.3L7 216.3c-9.4-9.4-9.4-24.6 0-33.9l22.6-22.6c9.4-9.4 24.6-9.4 33.9 0l96.4 96.4 96.4-96.4c9.4-9.4 24.6-9.4 33.9 0l22.6 22.6c9.4 9.4 9.4 24.6 0 33.9l-136 136c-9.2 9.4-24.4 9.4-33.8 0z\"><\/path><\/svg><\/span>\n\t\t\t<span class='e-closed'><svg aria-hidden=\"true\" class=\"e-font-icon-svg e-fas-angle-up\" viewbox=\"0 0 320 512\" xmlns=\"http:\/\/www.w3.org\/2000\/svg\"><path d=\"M177 159.7l136 136c9.4 9.4 9.4 24.6 0 33.9l-22.6 22.6c-9.4 9.4-24.6 9.4-33.9 0L160 255.9l-96.4 96.4c-9.4 9.4-24.6 9.4-33.9 0L7 329.7c-9.4-9.4-9.4-24.6 0-33.9l136-136c9.4-9.5 24.6-9.5 34-.1z\"><\/path><\/svg><\/span>\n\t\t<\/span>\n\n\t\t\t\t\t\t<\/summary>\n\t\t\t\t<div role=\"region\" aria-labelledby=\"e-n-accordion-item-5791\" class=\"elementor-element elementor-element-bc32f9c e-con-full e-flex e-con e-child\" data-id=\"bc32f9c\" data-element_type=\"container\" data-settings=\"{&quot;ekit_has_onepagescroll_dot&quot;:&quot;yes&quot;}\">\n\t\t\t\t<div class=\"elementor-element elementor-element-03919e6 elementor-widget elementor-widget-text-editor\" data-id=\"03919e6\" data-element_type=\"widget\" data-settings=\"{&quot;ekit_we_effect_on&quot;:&quot;none&quot;}\" data-widget_type=\"text-editor.default\">\n\t\t\t\t\t\t\t\t\t<p class=\"translation-block\">Delemar wurde <strong>1979<\/strong> gegr\u00fcndet und ist mit \u00fcber <strong>45 Jahren<\/strong> Erfahrung ein Pionier auf dem \u00e4gyptischen Aluminiummarkt.<\/p>\t\t\t\t\t\t\t\t<\/div>\n\t\t\t\t<\/div>\n\t\t\t\t\t<\/details>\n\t\t\t\t\t\t<details id=\"e-n-accordion-item-5792\" class=\"e-n-accordion-item\" >\n\t\t\t\t<summary class=\"e-n-accordion-item-title\" data-accordion-index=\"3\" tabindex=\"-1\" aria-expanded=\"false\" aria-controls=\"e-n-accordion-item-5792\" >\n\t\t\t\t\t<span class='e-n-accordion-item-title-header'><div class=\"e-n-accordion-item-title-text\"> Was unterscheidet die Delemar Industrial Group von ihren Mitbewerbern? <\/div><\/span>\n\t\t\t\t\t\t\t<span class='e-n-accordion-item-title-icon'>\n\t\t\t<span class='e-opened' ><svg aria-hidden=\"true\" class=\"e-font-icon-svg e-fas-angle-down\" viewbox=\"0 0 320 512\" xmlns=\"http:\/\/www.w3.org\/2000\/svg\"><path d=\"M143 352.3L7 216.3c-9.4-9.4-9.4-24.6 0-33.9l22.6-22.6c9.4-9.4 24.6-9.4 33.9 0l96.4 96.4 96.4-96.4c9.4-9.4 24.6-9.4 33.9 0l22.6 22.6c9.4 9.4 9.4 24.6 0 33.9l-136 136c-9.2 9.4-24.4 9.4-33.8 0z\"><\/path><\/svg><\/span>\n\t\t\t<span class='e-closed'><svg aria-hidden=\"true\" class=\"e-font-icon-svg e-fas-angle-up\" viewbox=\"0 0 320 512\" xmlns=\"http:\/\/www.w3.org\/2000\/svg\"><path d=\"M177 159.7l136 136c9.4 9.4 9.4 24.6 0 33.9l-22.6 22.6c-9.4 9.4-24.6 9.4-33.9 0L160 255.9l-96.4 96.4c-9.4 9.4-24.6 9.4-33.9 0L7 329.7c-9.4-9.4-9.4-24.6 0-33.9l136-136c9.4-9.5 24.6-9.5 34-.1z\"><\/path><\/svg><\/span>\n\t\t<\/span>\n\n\t\t\t\t\t\t<\/summary>\n\t\t\t\t<div role=\"region\" aria-labelledby=\"e-n-accordion-item-5792\" class=\"elementor-element elementor-element-318f5c8 e-con-full e-flex e-con e-child\" data-id=\"318f5c8\" data-element_type=\"container\" data-settings=\"{&quot;ekit_has_onepagescroll_dot&quot;:&quot;yes&quot;}\">\n\t\t\t\t<div class=\"elementor-element elementor-element-1e28c69 elementor-widget elementor-widget-text-editor\" data-id=\"1e28c69\" data-element_type=\"widget\" data-settings=\"{&quot;ekit_we_effect_on&quot;:&quot;none&quot;}\" data-widget_type=\"text-editor.default\">\n\t\t\t\t\t\t\t\t\t<p class=\"translation-block\"><strong>\u2013 Marktf\u00fchrerschaft<\/strong>: 40\u00a0% Marktanteil in \u00c4gypten, starke Pr\u00e4senz in der MENA-Region, Europa und den USA.<br><strong>\u2013 Vielf\u00e4ltige Produktion<\/strong>: Aluminiumprofile, beschichtetes Aluminium, verarbeitetes Glas und Matrizenherstellung.<br><strong>\u2013 Nachhaltigkeit<\/strong>: Eigene Aluminium-Recyclinganlage, die monatlich <strong>2.400\u00a0Tonnen reine Aluminiumbarren produziert<\/strong>.<br><strong>\u2013 Fortschrittliche Technologie<\/strong>: Hochmoderne Produktion mit <strong>Engview-Qualit\u00e4tspr\u00fcfmaschinen, CNC-Automatisierung und Roboterpr\u00e4zision<\/strong>.<br><strong>\u2013 Hohe Qualit\u00e4t und Standards<\/strong>: Einhaltung der <strong>EN-, DIN-, ASTM- und Qualicoat<\/strong>-Zertifizierungen.<\/p>\t\t\t\t\t\t\t\t<\/div>\n\t\t\t\t<\/div>\n\t\t\t\t\t<\/details>\n\t\t\t\t\t\t<details id=\"e-n-accordion-item-5793\" class=\"e-n-accordion-item\" >\n\t\t\t\t<summary class=\"e-n-accordion-item-title\" data-accordion-index=\"4\" tabindex=\"-1\" aria-expanded=\"false\" aria-controls=\"e-n-accordion-item-5793\" >\n\t\t\t\t\t<span class='e-n-accordion-item-title-header'><div class=\"e-n-accordion-item-title-text\"> Welche Dienstleistungen bietet die Die Shop Factory an? <\/div><\/span>\n\t\t\t\t\t\t\t<span class='e-n-accordion-item-title-icon'>\n\t\t\t<span class='e-opened' ><svg aria-hidden=\"true\" class=\"e-font-icon-svg e-fas-angle-down\" viewbox=\"0 0 320 512\" xmlns=\"http:\/\/www.w3.org\/2000\/svg\"><path d=\"M143 352.3L7 216.3c-9.4-9.4-9.4-24.6 0-33.9l22.6-22.6c9.4-9.4 24.6-9.4 33.9 0l96.4 96.4 96.4-96.4c9.4-9.4 24.6-9.4 33.9 0l22.6 22.6c9.4 9.4 9.4 24.6 0 33.9l-136 136c-9.2 9.4-24.4 9.4-33.8 0z\"><\/path><\/svg><\/span>\n\t\t\t<span class='e-closed'><svg aria-hidden=\"true\" class=\"e-font-icon-svg e-fas-angle-up\" viewbox=\"0 0 320 512\" xmlns=\"http:\/\/www.w3.org\/2000\/svg\"><path d=\"M177 159.7l136 136c9.4 9.4 9.4 24.6 0 33.9l-22.6 22.6c-9.4 9.4-24.6 9.4-33.9 0L160 255.9l-96.4 96.4c-9.4 9.4-24.6 9.4-33.9 0L7 329.7c-9.4-9.4-9.4-24.6 0-33.9l136-136c9.4-9.5 24.6-9.5 34-.1z\"><\/path><\/svg><\/span>\n\t\t<\/span>\n\n\t\t\t\t\t\t<\/summary>\n\t\t\t\t<div role=\"region\" aria-labelledby=\"e-n-accordion-item-5793\" class=\"elementor-element elementor-element-084bed2 e-con-full e-flex e-con e-child\" data-id=\"084bed2\" data-element_type=\"container\" data-settings=\"{&quot;ekit_has_onepagescroll_dot&quot;:&quot;yes&quot;}\">\n\t\t\t\t<div class=\"elementor-element elementor-element-1e990a4 elementor-widget elementor-widget-text-editor\" data-id=\"1e990a4\" data-element_type=\"widget\" data-settings=\"{&quot;ekit_we_effect_on&quot;:&quot;none&quot;}\" data-widget_type=\"text-editor.default\">\n\t\t\t\t\t\t\t\t\t<p class=\"translation-block\"><strong>\u2013 <\/strong>Herstellung <strong>hochpr\u00e4ziser Aluminium-Extrusionswerkzeuge<\/strong> unter Verwendung von:<\/p><ul><li style=\"list-style-type: none;\"><ul><li><strong>Drahtschneidemaschinen<\/strong><\/li><li><strong>Funkengravur<\/strong><\/li><li><strong>CNC-Fr\u00e4smaschinen<\/strong><\/li><li><strong>Manuelle Fr\u00e4stechnik<\/strong><\/li><\/ul><\/li><\/ul><p><strong>&#8211; <\/strong>Unterst\u00fctzt Pressprozesse durch die Herstellung pr\u00e4ziser Formen f\u00fcr die Aluminiumextrusion.<\/p>\t\t\t\t\t\t\t\t<\/div>\n\t\t\t\t<\/div>\n\t\t\t\t\t<\/details>\n\t\t\t\t\t\t<details id=\"e-n-accordion-item-5794\" class=\"e-n-accordion-item\" >\n\t\t\t\t<summary class=\"e-n-accordion-item-title\" data-accordion-index=\"5\" tabindex=\"-1\" aria-expanded=\"false\" aria-controls=\"e-n-accordion-item-5794\" >\n\t\t\t\t\t<span class='e-n-accordion-item-title-header'><div class=\"e-n-accordion-item-title-text\"> Wie kann ich Vertriebspartner oder Partner von Delemar werden? <\/div><\/span>\n\t\t\t\t\t\t\t<span class='e-n-accordion-item-title-icon'>\n\t\t\t<span class='e-opened' ><svg aria-hidden=\"true\" class=\"e-font-icon-svg e-fas-angle-down\" viewbox=\"0 0 320 512\" xmlns=\"http:\/\/www.w3.org\/2000\/svg\"><path d=\"M143 352.3L7 216.3c-9.4-9.4-9.4-24.6 0-33.9l22.6-22.6c9.4-9.4 24.6-9.4 33.9 0l96.4 96.4 96.4-96.4c9.4-9.4 24.6-9.4 33.9 0l22.6 22.6c9.4 9.4 9.4 24.6 0 33.9l-136 136c-9.2 9.4-24.4 9.4-33.8 0z\"><\/path><\/svg><\/span>\n\t\t\t<span class='e-closed'><svg aria-hidden=\"true\" class=\"e-font-icon-svg e-fas-angle-up\" viewbox=\"0 0 320 512\" xmlns=\"http:\/\/www.w3.org\/2000\/svg\"><path d=\"M177 159.7l136 136c9.4 9.4 9.4 24.6 0 33.9l-22.6 22.6c-9.4 9.4-24.6 9.4-33.9 0L160 255.9l-96.4 96.4c-9.4 9.4-24.6 9.4-33.9 0L7 329.7c-9.4-9.4-9.4-24.6 0-33.9l136-136c9.4-9.5 24.6-9.5 34-.1z\"><\/path><\/svg><\/span>\n\t\t<\/span>\n\n\t\t\t\t\t\t<\/summary>\n\t\t\t\t<div role=\"region\" aria-labelledby=\"e-n-accordion-item-5794\" class=\"elementor-element elementor-element-97dfd7e e-con-full e-flex e-con e-child\" data-id=\"97dfd7e\" data-element_type=\"container\" data-settings=\"{&quot;ekit_has_onepagescroll_dot&quot;:&quot;yes&quot;}\">\n\t\t\t\t<div class=\"elementor-element elementor-element-20e7771 elementor-widget elementor-widget-text-editor\" data-id=\"20e7771\" data-element_type=\"widget\" data-settings=\"{&quot;ekit_we_effect_on&quot;:&quot;none&quot;}\" data-widget_type=\"text-editor.default\">\n\t\t\t\t\t\t\t\t\t<p class=\"translation-block\">Unternehmen, die an <strong>Vertrieb oder Partnerschaft<\/strong> interessiert sind, k\u00f6nnen:<\/p><ul><li style=\"list-style-type: none;\"><ul><li class=\"translation-block\"><strong>Kontaktieren Sie das Verkaufsteam<\/strong> \u00fcber die offizielle Website oder direkt per E-Mail.<\/li><li class=\"translation-block\"><strong>Unterziehen Sie sich einem Evaluierungsprozess<\/strong>, um sich an die Standards und die Lieferkette von Delemar anzupassen.<\/li><li class=\"translation-block\"><strong>Erstellen Sie eine Partnerschaftsvereinbarung<\/strong>, einschlie\u00dflich Preismodellen, Logistik und Supportservices.<\/li><\/ul><\/li><\/ul>\t\t\t\t\t\t\t\t<\/div>\n\t\t\t\t<\/div>\n\t\t\t\t\t<\/details>\n\t\t\t\t\t<\/div>\n\t\t\t\t\t\t<\/div>\n\t\t\t\t<\/div>\n\t\t\t\t<\/div>\n\t\t\t\t<\/div>","protected":false},"excerpt":{"rendered":"<p>Frequently Asked Questions Welcome to our FAQ page! Here, we\u2019ve compiled answers to the most common questions about our services, orders, shipping, payments, and more. Our goal is to provide you with quick and clear information to enhance your experience with us. If you can\u2019t find the answer you\u2019re looking for, feel free to reach [&hellip;]<\/p>","protected":false},"author":1,"featured_media":0,"parent":0,"menu_order":0,"comment_status":"closed","ping_status":"closed","template":"","meta":{"_acf_changed":false,"footnotes":""},"class_list":["post-1104","page","type-page","status-publish","hentry"],"blocksy_meta":[],"acf":[],"yoast_head":"<!-- This site is optimized with the Yoast SEO plugin v24.9 - https:\/\/yoast.com\/wordpress\/plugins\/seo\/ -->\n<title>FAQs - Delemar Aluminum<\/title>\n<meta name=\"robots\" content=\"index, follow, max-snippet:-1, max-image-preview:large, max-video-preview:-1\" \/>\n<link rel=\"canonical\" href=\"https:\/\/delemar.codev-eg.com\/de\/faqs\/\" \/>\n<meta property=\"og:locale\" content=\"de_DE\" \/>\n<meta property=\"og:type\" content=\"article\" \/>\n<meta property=\"og:title\" content=\"FAQs - Delemar Aluminum\" \/>\n<meta property=\"og:description\" content=\"Frequently Asked Questions Welcome to our FAQ page! Here, we\u2019ve compiled answers to the most common questions about our services, orders, shipping, payments, and more. Our goal is to provide you with quick and clear information to enhance your experience with us. If you can\u2019t find the answer you\u2019re looking for, feel free to reach [&hellip;]\" \/>\n<meta property=\"og:url\" content=\"https:\/\/delemar.codev-eg.com\/de\/faqs\/\" \/>\n<meta property=\"og:site_name\" content=\"Delemar Aluminum\" \/>\n<meta property=\"article:modified_time\" content=\"2025-02-19T05:31:25+00:00\" \/>\n<meta name=\"twitter:card\" content=\"summary_large_image\" \/>\n<script type=\"application\/ld+json\" class=\"yoast-schema-graph\">{\"@context\":\"https:\/\/schema.org\",\"@graph\":[{\"@type\":\"WebPage\",\"@id\":\"https:\/\/delemar.codev-eg.com\/faqs\/\",\"url\":\"https:\/\/delemar.codev-eg.com\/faqs\/\",\"name\":\"FAQs - Delemar Aluminum\",\"isPartOf\":{\"@id\":\"https:\/\/delemar.codev-eg.com\/#website\"},\"datePublished\":\"2025-02-08T16:59:59+00:00\",\"dateModified\":\"2025-02-19T05:31:25+00:00\",\"breadcrumb\":{\"@id\":\"https:\/\/delemar.codev-eg.com\/faqs\/#breadcrumb\"},\"inLanguage\":\"de\",\"potentialAction\":[{\"@type\":\"ReadAction\",\"target\":[\"https:\/\/delemar.codev-eg.com\/faqs\/\"]}]},{\"@type\":\"BreadcrumbList\",\"@id\":\"https:\/\/delemar.codev-eg.com\/faqs\/#breadcrumb\",\"itemListElement\":[{\"@type\":\"ListItem\",\"position\":1,\"name\":\"Home\",\"item\":\"https:\/\/delemar.codev-eg.com\/\"},{\"@type\":\"ListItem\",\"position\":2,\"name\":\"FAQs\"}]},{\"@type\":\"WebSite\",\"@id\":\"https:\/\/delemar.codev-eg.com\/#website\",\"url\":\"https:\/\/delemar.codev-eg.com\/\",\"name\":\"Delemar Aluminum\",\"description\":\"\",\"potentialAction\":[{\"@type\":\"SearchAction\",\"target\":{\"@type\":\"EntryPoint\",\"urlTemplate\":\"https:\/\/delemar.codev-eg.com\/?s={search_term_string}\"},\"query-input\":{\"@type\":\"PropertyValueSpecification\",\"valueRequired\":true,\"valueName\":\"search_term_string\"}}],\"inLanguage\":\"de\"}]}<\/script>\n<!-- \/ Yoast SEO plugin. -->","yoast_head_json":{"title":"FAQs - Delemar Aluminum","robots":{"index":"index","follow":"follow","max-snippet":"max-snippet:-1","max-image-preview":"max-image-preview:large","max-video-preview":"max-video-preview:-1"},"canonical":"https:\/\/delemar.codev-eg.com\/de\/faqs\/","og_locale":"de_DE","og_type":"article","og_title":"FAQs - Delemar Aluminum","og_description":"Frequently Asked Questions Welcome to our FAQ page! Here, we\u2019ve compiled answers to the most common questions about our services, orders, shipping, payments, and more. Our goal is to provide you with quick and clear information to enhance your experience with us. If you can\u2019t find the answer you\u2019re looking for, feel free to reach [&hellip;]","og_url":"https:\/\/delemar.codev-eg.com\/de\/faqs\/","og_site_name":"Delemar Aluminum","article_modified_time":"2025-02-19T05:31:25+00:00","twitter_card":"summary_large_image","schema":{"@context":"https:\/\/schema.org","@graph":[{"@type":"WebPage","@id":"https:\/\/delemar.codev-eg.com\/faqs\/","url":"https:\/\/delemar.codev-eg.com\/faqs\/","name":"FAQs - Delemar Aluminum","isPartOf":{"@id":"https:\/\/delemar.codev-eg.com\/#website"},"datePublished":"2025-02-08T16:59:59+00:00","dateModified":"2025-02-19T05:31:25+00:00","breadcrumb":{"@id":"https:\/\/delemar.codev-eg.com\/faqs\/#breadcrumb"},"inLanguage":"de","potentialAction":[{"@type":"ReadAction","target":["https:\/\/delemar.codev-eg.com\/faqs\/"]}]},{"@type":"BreadcrumbList","@id":"https:\/\/delemar.codev-eg.com\/faqs\/#breadcrumb","itemListElement":[{"@type":"ListItem","position":1,"name":"Home","item":"https:\/\/delemar.codev-eg.com\/"},{"@type":"ListItem","position":2,"name":"FAQs"}]},{"@type":"WebSite","@id":"https:\/\/delemar.codev-eg.com\/#website","url":"https:\/\/delemar.codev-eg.com\/","name":"Delemar Aluminum","description":"","potentialAction":[{"@type":"SearchAction","target":{"@type":"EntryPoint","urlTemplate":"https:\/\/delemar.codev-eg.com\/?s={search_term_string}"},"query-input":{"@type":"PropertyValueSpecification","valueRequired":true,"valueName":"search_term_string"}}],"inLanguage":"de"}]}},"_links":{"self":[{"href":"https:\/\/delemar.codev-eg.com\/de\/wp-json\/wp\/v2\/pages\/1104","targetHints":{"allow":["GET"]}}],"collection":[{"href":"https:\/\/delemar.codev-eg.com\/de\/wp-json\/wp\/v2\/pages"}],"about":[{"href":"https:\/\/delemar.codev-eg.com\/de\/wp-json\/wp\/v2\/types\/page"}],"author":[{"embeddable":true,"href":"https:\/\/delemar.codev-eg.com\/de\/wp-json\/wp\/v2\/users\/1"}],"replies":[{"embeddable":true,"href":"https:\/\/delemar.codev-eg.com\/de\/wp-json\/wp\/v2\/comments?post=1104"}],"version-history":[{"count":0,"href":"https:\/\/delemar.codev-eg.com\/de\/wp-json\/wp\/v2\/pages\/1104\/revisions"}],"wp:attachment":[{"href":"https:\/\/delemar.codev-eg.com\/de\/wp-json\/wp\/v2\/media?parent=1104"}],"curies":[{"name":"wp","href":"https:\/\/api.w.org\/{rel}","templated":true}]}}