{"id":1081,"date":"2025-02-08T18:21:23","date_gmt":"2025-02-08T16:21:23","guid":{"rendered":"https:\/\/delemar.codev-eg.com\/?page_id=1081"},"modified":"2025-03-23T20:47:03","modified_gmt":"2025-03-23T18:47:03","slug":"aluminium-die-shop","status":"publish","type":"page","link":"https:\/\/delemar.codev-eg.com\/de\/business-sectors\/aluminium-die-shop\/","title":{"rendered":"Aluminium-Druckguss-Werkstatt"},"content":{"rendered":"<div data-elementor-type=\"wp-page\" data-elementor-id=\"1081\" class=\"elementor elementor-1081\" data-elementor-post-type=\"page\">\n\t\t\t\t<div class=\"elementor-element elementor-element-96498c4 e-con-full e-flex e-con e-parent\" data-id=\"96498c4\" data-element_type=\"container\" data-settings=\"{&quot;ekit_has_onepagescroll_dot&quot;:&quot;yes&quot;}\">\n\t\t<div class=\"elementor-element elementor-element-7de4278 e-con-full e-flex e-con e-child\" data-id=\"7de4278\" data-element_type=\"container\" data-settings=\"{&quot;ekit_has_onepagescroll_dot&quot;:&quot;yes&quot;}\">\n\t\t\t\t<div class=\"elementor-element elementor-element-f2469c3 elementor-widget elementor-widget-breadcrumbs\" data-id=\"f2469c3\" data-element_type=\"widget\" data-settings=\"{&quot;ekit_we_effect_on&quot;:&quot;none&quot;}\" data-widget_type=\"breadcrumbs.default\">\n\t\t\t\t\t<p id=\"breadcrumbs\"><span><span><a href=\"https:\/\/delemar.codev-eg.com\/de\/\">Heim<\/a><\/span><\/span><\/p>\t\t\t\t<\/div>\n\t\t\t\t<div class=\"elementor-element elementor-element-aeea324 elementor-widget elementor-widget-heading\" data-id=\"aeea324\" data-element_type=\"widget\" data-settings=\"{&quot;ekit_we_effect_on&quot;:&quot;none&quot;}\" data-widget_type=\"heading.default\">\n\t\t\t\t\t<h2 class=\"elementor-heading-title elementor-size-default\">Aluminium-Druckguss-Werkstatt<\/h2>\t\t\t\t<\/div>\n\t\t\t\t<\/div>\n\t\t\t\t<\/div>\n\t\t<div class=\"elementor-element elementor-element-1e5d349 e-con-full e-flex e-con e-parent\" data-id=\"1e5d349\" data-element_type=\"container\" data-settings=\"{&quot;ekit_has_onepagescroll_dot&quot;:&quot;yes&quot;}\">\n\t\t<div class=\"elementor-element elementor-element-592ec37 e-con-full e-flex e-con e-child\" data-id=\"592ec37\" data-element_type=\"container\" data-settings=\"{&quot;ekit_has_onepagescroll_dot&quot;:&quot;yes&quot;}\">\n\t\t\t\t<div class=\"elementor-element elementor-element-ff60b57 elementor-widget elementor-widget-heading\" data-id=\"ff60b57\" data-element_type=\"widget\" data-settings=\"{&quot;ekit_we_effect_on&quot;:&quot;none&quot;}\" data-widget_type=\"heading.default\">\n\t\t\t\t\t<h2 class=\"elementor-heading-title elementor-size-default\"><a href=\"https:\/\/delemar.codev-eg.com\/de\/business-sectors\/\">&lt; Zur\u00fcck zu allen Gesch\u00e4ftsbereichen<\/a><\/h2>\t\t\t\t<\/div>\n\t\t\t\t<div class=\"elementor-element elementor-element-e4d19a8 elementor-widget elementor-widget-heading\" data-id=\"e4d19a8\" data-element_type=\"widget\" data-settings=\"{&quot;ekit_we_effect_on&quot;:&quot;none&quot;}\" data-widget_type=\"heading.default\">\n\t\t\t\t\t<h2 class=\"elementor-heading-title elementor-size-default\">Aluminium-Druckguss-Werkstatt<\/h2>\t\t\t\t<\/div>\n\t\t\t\t<\/div>\n\t\t\t\t<\/div>\n\t\t<div class=\"elementor-element elementor-element-d40bb09 e-con-full e-flex e-con e-parent\" data-id=\"d40bb09\" data-element_type=\"container\" data-settings=\"{&quot;ekit_has_onepagescroll_dot&quot;:&quot;yes&quot;}\">\n\t\t<div class=\"elementor-element elementor-element-b534c83 e-con-full e-flex e-con e-child\" data-id=\"b534c83\" data-element_type=\"container\" data-settings=\"{&quot;ekit_has_onepagescroll_dot&quot;:&quot;yes&quot;}\">\n\t\t\t\t<div class=\"elementor-element elementor-element-b43c1fa elementor-widget elementor-widget-heading\" data-id=\"b43c1fa\" data-element_type=\"widget\" data-settings=\"{&quot;ekit_we_effect_on&quot;:&quot;none&quot;}\" data-widget_type=\"heading.default\">\n\t\t\t\t\t<h2 class=\"elementor-heading-title elementor-size-default\">Delemars Matrizenwerkstatt produziert j\u00e4hrlich 3000 Matrizen und unterst\u00fctzt den Pressvorgang durch die Herstellung von Aluminiumprofilformen. Ausgestattet mit Drahtschneidemaschinen, Funkengravur, CNC-Fr\u00e4smaschinen und manuellen Fr\u00e4smaschinen nutzt unsere Matrizenwerkstatt modernste globale Technologien, um Pr\u00e4zision und Genauigkeit bei der Matrizenherstellung zu gew\u00e4hrleisten.<\/h2>\t\t\t\t<\/div>\n\t\t\t\t<\/div>\n\t\t<div class=\"elementor-element elementor-element-1773c16 e-con-full e-flex e-con e-child\" data-id=\"1773c16\" data-element_type=\"container\" data-settings=\"{&quot;ekit_has_onepagescroll_dot&quot;:&quot;yes&quot;}\">\n\t\t<div class=\"elementor-element elementor-element-1916481 e-con-full e-flex e-con e-child\" data-id=\"1916481\" data-element_type=\"container\" data-settings=\"{&quot;ekit_has_onepagescroll_dot&quot;:&quot;yes&quot;}\">\n\t\t\t\t<div class=\"elementor-element elementor-element-c40be3f elementor-widget elementor-widget-image\" data-id=\"c40be3f\" data-element_type=\"widget\" data-settings=\"{&quot;ekit_we_effect_on&quot;:&quot;none&quot;}\" data-widget_type=\"image.default\">\n\t\t\t\t\t\t\t\t\t\t\t\t\t\t\t<img fetchpriority=\"high\" decoding=\"async\" width=\"1024\" height=\"683\" src=\"https:\/\/delemar.codev-eg.com\/wp-content\/uploads\/2025\/02\/dieshop-sector-2-1024x683.jpg\" class=\"attachment-large size-large wp-image-2382\" alt=\"\" srcset=\"https:\/\/delemar.codev-eg.com\/wp-content\/uploads\/2025\/02\/dieshop-sector-2-1024x683.jpg 1024w, https:\/\/delemar.codev-eg.com\/wp-content\/uploads\/2025\/02\/dieshop-sector-2-300x200.jpg 300w, https:\/\/delemar.codev-eg.com\/wp-content\/uploads\/2025\/02\/dieshop-sector-2-768x512.jpg 768w, https:\/\/delemar.codev-eg.com\/wp-content\/uploads\/2025\/02\/dieshop-sector-2-1536x1024.jpg 1536w, https:\/\/delemar.codev-eg.com\/wp-content\/uploads\/2025\/02\/dieshop-sector-2-2048x1365.jpg 2048w, https:\/\/delemar.codev-eg.com\/wp-content\/uploads\/2025\/02\/dieshop-sector-2-18x12.jpg 18w\" sizes=\"(max-width: 1024px) 100vw, 1024px\" \/>\t\t\t\t\t\t\t\t\t\t\t\t\t\t\t<\/div>\n\t\t\t\t<div class=\"elementor-element elementor-element-b6b4a28 elementor-widget elementor-widget-image\" data-id=\"b6b4a28\" data-element_type=\"widget\" data-settings=\"{&quot;ekit_we_effect_on&quot;:&quot;none&quot;}\" data-widget_type=\"image.default\">\n\t\t\t\t\t\t\t\t\t\t\t\t\t\t\t<img decoding=\"async\" width=\"1024\" height=\"683\" src=\"https:\/\/delemar.codev-eg.com\/wp-content\/uploads\/2025\/02\/IMG_3559-1-1024x683.jpg\" class=\"attachment-large size-large wp-image-2392\" alt=\"\" srcset=\"https:\/\/delemar.codev-eg.com\/wp-content\/uploads\/2025\/02\/IMG_3559-1-1024x683.jpg 1024w, https:\/\/delemar.codev-eg.com\/wp-content\/uploads\/2025\/02\/IMG_3559-1-300x200.jpg 300w, https:\/\/delemar.codev-eg.com\/wp-content\/uploads\/2025\/02\/IMG_3559-1-768x512.jpg 768w, https:\/\/delemar.codev-eg.com\/wp-content\/uploads\/2025\/02\/IMG_3559-1-1536x1024.jpg 1536w, https:\/\/delemar.codev-eg.com\/wp-content\/uploads\/2025\/02\/IMG_3559-1-2048x1365.jpg 2048w, https:\/\/delemar.codev-eg.com\/wp-content\/uploads\/2025\/02\/IMG_3559-1-18x12.jpg 18w\" sizes=\"(max-width: 1024px) 100vw, 1024px\" \/>\t\t\t\t\t\t\t\t\t\t\t\t\t\t\t<\/div>\n\t\t\t\t<div class=\"elementor-element elementor-element-d23c8f4 elementor-widget elementor-widget-image\" data-id=\"d23c8f4\" data-element_type=\"widget\" data-settings=\"{&quot;ekit_we_effect_on&quot;:&quot;none&quot;}\" data-widget_type=\"image.default\">\n\t\t\t\t\t\t\t\t\t\t\t\t\t\t\t<img decoding=\"async\" width=\"1024\" height=\"683\" src=\"https:\/\/delemar.codev-eg.com\/wp-content\/uploads\/2025\/02\/DSC_0073MOFTAH-1024x683.jpg\" class=\"attachment-large size-large wp-image-2390\" alt=\"\" srcset=\"https:\/\/delemar.codev-eg.com\/wp-content\/uploads\/2025\/02\/DSC_0073MOFTAH-1024x683.jpg 1024w, https:\/\/delemar.codev-eg.com\/wp-content\/uploads\/2025\/02\/DSC_0073MOFTAH-300x200.jpg 300w, https:\/\/delemar.codev-eg.com\/wp-content\/uploads\/2025\/02\/DSC_0073MOFTAH-768x512.jpg 768w, https:\/\/delemar.codev-eg.com\/wp-content\/uploads\/2025\/02\/DSC_0073MOFTAH-1536x1024.jpg 1536w, https:\/\/delemar.codev-eg.com\/wp-content\/uploads\/2025\/02\/DSC_0073MOFTAH-2048x1365.jpg 2048w, https:\/\/delemar.codev-eg.com\/wp-content\/uploads\/2025\/02\/DSC_0073MOFTAH-18x12.jpg 18w\" sizes=\"(max-width: 1024px) 100vw, 1024px\" \/>\t\t\t\t\t\t\t\t\t\t\t\t\t\t\t<\/div>\n\t\t\t\t<\/div>\n\t\t\t\t<div class=\"elementor-element elementor-element-5033c8a e-n-tabs-none elementor-widget elementor-widget-n-tabs\" data-id=\"5033c8a\" data-element_type=\"widget\" data-settings=\"{&quot;tabs_justify_horizontal&quot;:&quot;stretch&quot;,&quot;horizontal_scroll_mobile&quot;:&quot;enable&quot;,&quot;horizontal_scroll&quot;:&quot;disable&quot;,&quot;ekit_we_effect_on&quot;:&quot;none&quot;}\" data-widget_type=\"nested-tabs.default\">\n\t\t\t\t\t\t\t<div class=\"e-n-tabs\" data-widget-number=\"84098186\" aria-label=\"Tabs. Open items with Enter or Space, close with Escape and navigate using the Arrow keys.\">\n\t\t\t<div class=\"e-n-tabs-heading\" role=\"tablist\">\n\t\t\t\t\t<button id=\"e-n-tab-title-840981861\" data-tab-title-id=\"e-n-tab-title-840981861\" class=\"e-n-tab-title\" aria-selected=\"true\" data-tab-index=\"1\" role=\"tab\" tabindex=\"0\" aria-controls=\"e-n-tab-content-840981861\" style=\"--n-tabs-title-order: 1;\">\n\t\t\t\t\t\t<span class=\"e-n-tab-title-text\">\n\t\t\t\tUnsere Stanzformfabrik\t\t\t<\/span>\n\t\t<\/button>\n\t\t\t\t<button id=\"e-n-tab-title-840981862\" data-tab-title-id=\"e-n-tab-title-840981862\" class=\"e-n-tab-title\" aria-selected=\"false\" data-tab-index=\"2\" role=\"tab\" tabindex=\"-1\" aria-controls=\"e-n-tab-content-840981862\" style=\"--n-tabs-title-order: 2;\">\n\t\t\t\t\t\t<span class=\"e-n-tab-title-text\">\n\t\t\t\tJ\u00e4hrlich produziert\t\t\t<\/span>\n\t\t<\/button>\n\t\t\t\t\t<\/div>\n\t\t\t<div class=\"e-n-tabs-content\">\n\t\t\t\t<div id=\"e-n-tab-content-840981861\" role=\"tabpanel\" aria-labelledby=\"e-n-tab-title-840981861\" data-tab-index=\"1\" style=\"--n-tabs-title-order: 1;\" class=\"e-active elementor-element elementor-element-416b3e0 e-con-full e-flex e-con e-child\" data-id=\"416b3e0\" data-element_type=\"container\" data-settings=\"{&quot;ekit_has_onepagescroll_dot&quot;:&quot;yes&quot;}\">\n\t\t<div class=\"elementor-element elementor-element-318bec4 e-con-full e-flex e-con e-child\" data-id=\"318bec4\" data-element_type=\"container\" data-settings=\"{&quot;ekit_has_onepagescroll_dot&quot;:&quot;yes&quot;}\">\n\t\t\t\t<div class=\"elementor-element elementor-element-873e1de elementor-widget elementor-widget-heading\" data-id=\"873e1de\" data-element_type=\"widget\" data-settings=\"{&quot;ekit_we_effect_on&quot;:&quot;none&quot;}\" data-widget_type=\"heading.default\">\n\t\t\t\t\t<h2 class=\"elementor-heading-title elementor-size-default\">Die Werkstattfabrik<\/h2>\t\t\t\t<\/div>\n\t\t\t\t<\/div>\n\t\t<div class=\"elementor-element elementor-element-610cb9a e-con-full e-flex e-con e-child\" data-id=\"610cb9a\" data-element_type=\"container\" data-settings=\"{&quot;ekit_has_onepagescroll_dot&quot;:&quot;yes&quot;}\">\n\t\t\t\t<div class=\"elementor-element elementor-element-b2ca34a elementor-widget elementor-widget-text-editor\" data-id=\"b2ca34a\" data-element_type=\"widget\" data-settings=\"{&quot;ekit_we_effect_on&quot;:&quot;none&quot;}\" data-widget_type=\"text-editor.default\">\n\t\t\t\t\t\t\t\t\t<p><span style=\"color: #0f243e;\">Delemar erkennt, dass die Qualit\u00e4t der Formen die Grundlage f\u00fcr die Herstellung von Aluminiumprofilen mit h\u00f6chster Effizienz und Pr\u00e4zision ist. Daher betreibt das Unternehmen eine integrierte Formfabrik, die in der Lage ist, j\u00e4hrlich etwa 3000 Formen zu produzieren, wobei der Durchmesser der Formen 560 mm erreicht. Wir setzen auf die neuesten Technologien, um die Formen zu fertigen, die im Aluminiumextrusionsprozess verwendet werden.<\/span><br \/><span style=\"color: #0f243e;\">Wir setzen auf die neuesten internationalen Ger\u00e4te und Maschinen zur Formherstellung, wie zum Beispiel:<\/span><\/p><p><span style=\"color: #0f243e;\">* CNC-Fr\u00e4smaschinen: F\u00fcr die Herstellung und Formung von Formen mit hoher Pr\u00e4zision<\/span><br \/><span style=\"color: #0f243e;\">\u2666\ufe0f Funkenerodiermaschinen: Zur pr\u00e4zisen Anpassung der Lagergr\u00f6\u00dfen<\/span><br \/><span style=\"color: #0f243e;\">\u2666\ufe0f Drahterodiermaschinen: Zur Formung von Profilen mit h\u00f6chster Pr\u00e4zision und zur Gew\u00e4hrleistung einer glatten Oberfl\u00e4che<\/span><\/p>\t\t\t\t\t\t\t\t<\/div>\n\t\t\t\t<\/div>\n\t\t\t\t<\/div>\n\t\t<div id=\"e-n-tab-content-840981862\" role=\"tabpanel\" aria-labelledby=\"e-n-tab-title-840981862\" data-tab-index=\"2\" style=\"--n-tabs-title-order: 2;\" class=\"elementor-element elementor-element-9caba09 e-con-full e-flex e-con e-child\" data-id=\"9caba09\" data-element_type=\"container\" data-settings=\"{&quot;ekit_has_onepagescroll_dot&quot;:&quot;yes&quot;}\">\n\t\t<div class=\"elementor-element elementor-element-702d58b e-con-full e-flex e-con e-child\" data-id=\"702d58b\" data-element_type=\"container\" data-settings=\"{&quot;ekit_has_onepagescroll_dot&quot;:&quot;yes&quot;}\">\n\t\t\t\t<div class=\"elementor-element elementor-element-1dc265e elementor-widget elementor-widget-heading\" data-id=\"1dc265e\" data-element_type=\"widget\" data-settings=\"{&quot;ekit_we_effect_on&quot;:&quot;none&quot;}\" data-widget_type=\"heading.default\">\n\t\t\t\t\t<h2 class=\"elementor-heading-title elementor-size-default\">J\u00e4hrlich produziert<\/h2>\t\t\t\t<\/div>\n\t\t\t\t<\/div>\n\t\t<div class=\"elementor-element elementor-element-39ff5ca e-con-full e-flex e-con e-child\" data-id=\"39ff5ca\" data-element_type=\"container\" data-settings=\"{&quot;ekit_has_onepagescroll_dot&quot;:&quot;yes&quot;}\">\n\t\t\t\t<div class=\"elementor-element elementor-element-475f6ac elementor-widget elementor-widget-text-editor\" data-id=\"475f6ac\" data-element_type=\"widget\" data-settings=\"{&quot;ekit_we_effect_on&quot;:&quot;none&quot;}\" data-widget_type=\"text-editor.default\">\n\t\t\t\t\t\t\t\t\t<p><span style=\"color: #0f243e;\">3000 Matrizen<\/span><\/p>\t\t\t\t\t\t\t\t<\/div>\n\t\t\t\t<\/div>\n\t\t\t\t<\/div>\n\t\t\t\t\t<\/div>\n\t\t<\/div>\n\t\t\t\t\t\t<\/div>\n\t\t\t\t<\/div>\n\t\t\t\t<\/div>\n\t\t\t\t<\/div>","protected":false},"excerpt":{"rendered":"<p>< Back To All Business Sectors Delemar&#8217;s Die Shop produces 3000 Dies annually, supporting the pressing process by crafting aluminum profiles&#8217; shapes. Equipped with wire cutting machines, spark engraving, CNC fraise machines, and manual fraise, our Die Shop utilizes cutting-edge global technologies to ensure precision and accuracy in Die manufacturing. Our Die Shop Factory Annually [&hellip;]\n<\/p>","protected":false},"author":1,"featured_media":0,"parent":1075,"menu_order":0,"comment_status":"closed","ping_status":"closed","template":"","meta":{"_acf_changed":false,"footnotes":""},"class_list":["post-1081","page","type-page","status-publish","hentry"],"blocksy_meta":[],"acf":[],"yoast_head":"<!-- This site is optimized with the Yoast SEO plugin v24.9 - https:\/\/yoast.com\/wordpress\/plugins\/seo\/ -->\n<title>Aluminium Die Shop - Delemar Aluminum<\/title>\n<meta name=\"robots\" content=\"index, follow, max-snippet:-1, max-image-preview:large, max-video-preview:-1\" \/>\n<link rel=\"canonical\" href=\"https:\/\/delemar.codev-eg.com\/de\/business-sectors\/aluminium-die-shop\/\" \/>\n<meta property=\"og:locale\" content=\"de_DE\" \/>\n<meta property=\"og:type\" content=\"article\" \/>\n<meta property=\"og:title\" content=\"Aluminium Die Shop - Delemar Aluminum\" \/>\n<meta property=\"og:description\" content=\"&lt; Back To All Business Sectors Delemar&#8217;s Die Shop produces 3000 Dies annually, supporting the pressing process by crafting aluminum profiles&#8217; shapes. Equipped with wire cutting machines, spark engraving, CNC fraise machines, and manual fraise, our Die Shop utilizes cutting-edge global technologies to ensure precision and accuracy in Die manufacturing. Our Die Shop Factory Annually [&hellip;]\" \/>\n<meta property=\"og:url\" content=\"https:\/\/delemar.codev-eg.com\/de\/business-sectors\/aluminium-die-shop\/\" \/>\n<meta property=\"og:site_name\" content=\"Delemar Aluminum\" \/>\n<meta property=\"article:modified_time\" content=\"2025-03-23T18:47:03+00:00\" \/>\n<meta property=\"og:image\" content=\"https:\/\/delemar.codev-eg.com\/wp-content\/uploads\/2025\/02\/dieshop-sector-2-scaled.jpg\" \/>\n\t<meta property=\"og:image:width\" content=\"2560\" \/>\n\t<meta property=\"og:image:height\" content=\"1707\" \/>\n\t<meta property=\"og:image:type\" content=\"image\/jpeg\" \/>\n<meta name=\"twitter:card\" content=\"summary_large_image\" \/>\n<meta name=\"twitter:label1\" content=\"Gesch\u00e4tzte Lesezeit\" \/>\n\t<meta name=\"twitter:data1\" content=\"2\u00a0Minuten\" \/>\n<script type=\"application\/ld+json\" class=\"yoast-schema-graph\">{\"@context\":\"https:\/\/schema.org\",\"@graph\":[{\"@type\":\"WebPage\",\"@id\":\"https:\/\/delemar.codev-eg.com\/business-sectors\/aluminium-die-shop\/\",\"url\":\"https:\/\/delemar.codev-eg.com\/business-sectors\/aluminium-die-shop\/\",\"name\":\"Aluminium Die Shop - Delemar Aluminum\",\"isPartOf\":{\"@id\":\"https:\/\/delemar.codev-eg.com\/#website\"},\"primaryImageOfPage\":{\"@id\":\"https:\/\/delemar.codev-eg.com\/business-sectors\/aluminium-die-shop\/#primaryimage\"},\"image\":{\"@id\":\"https:\/\/delemar.codev-eg.com\/business-sectors\/aluminium-die-shop\/#primaryimage\"},\"thumbnailUrl\":\"https:\/\/delemar.codev-eg.com\/wp-content\/uploads\/2025\/02\/dieshop-sector-2-1024x683.jpg\",\"datePublished\":\"2025-02-08T16:21:23+00:00\",\"dateModified\":\"2025-03-23T18:47:03+00:00\",\"breadcrumb\":{\"@id\":\"https:\/\/delemar.codev-eg.com\/business-sectors\/aluminium-die-shop\/#breadcrumb\"},\"inLanguage\":\"de\",\"potentialAction\":[{\"@type\":\"ReadAction\",\"target\":[\"https:\/\/delemar.codev-eg.com\/business-sectors\/aluminium-die-shop\/\"]}]},{\"@type\":\"ImageObject\",\"inLanguage\":\"de\",\"@id\":\"https:\/\/delemar.codev-eg.com\/business-sectors\/aluminium-die-shop\/#primaryimage\",\"url\":\"https:\/\/delemar.codev-eg.com\/wp-content\/uploads\/2025\/02\/dieshop-sector-2-1024x683.jpg\",\"contentUrl\":\"https:\/\/delemar.codev-eg.com\/wp-content\/uploads\/2025\/02\/dieshop-sector-2-1024x683.jpg\"},{\"@type\":\"BreadcrumbList\",\"@id\":\"https:\/\/delemar.codev-eg.com\/business-sectors\/aluminium-die-shop\/#breadcrumb\",\"itemListElement\":[{\"@type\":\"ListItem\",\"position\":1,\"name\":\"Home\",\"item\":\"https:\/\/delemar.codev-eg.com\/\"},{\"@type\":\"ListItem\",\"position\":2,\"name\":\"Business Sectors\",\"item\":\"https:\/\/delemar.codev-eg.com\/business-sectors\/\"},{\"@type\":\"ListItem\",\"position\":3,\"name\":\"Aluminium Die Shop\"}]},{\"@type\":\"WebSite\",\"@id\":\"https:\/\/delemar.codev-eg.com\/#website\",\"url\":\"https:\/\/delemar.codev-eg.com\/\",\"name\":\"Delemar Aluminum\",\"description\":\"\",\"potentialAction\":[{\"@type\":\"SearchAction\",\"target\":{\"@type\":\"EntryPoint\",\"urlTemplate\":\"https:\/\/delemar.codev-eg.com\/?s={search_term_string}\"},\"query-input\":{\"@type\":\"PropertyValueSpecification\",\"valueRequired\":true,\"valueName\":\"search_term_string\"}}],\"inLanguage\":\"de\"}]}<\/script>\n<!-- \/ Yoast SEO plugin. -->","yoast_head_json":{"title":"Aluminium Die Shop - Delemar Aluminum","robots":{"index":"index","follow":"follow","max-snippet":"max-snippet:-1","max-image-preview":"max-image-preview:large","max-video-preview":"max-video-preview:-1"},"canonical":"https:\/\/delemar.codev-eg.com\/de\/business-sectors\/aluminium-die-shop\/","og_locale":"de_DE","og_type":"article","og_title":"Aluminium Die Shop - Delemar Aluminum","og_description":"< Back To All Business Sectors Delemar&#8217;s Die Shop produces 3000 Dies annually, supporting the pressing process by crafting aluminum profiles&#8217; shapes. Equipped with wire cutting machines, spark engraving, CNC fraise machines, and manual fraise, our Die Shop utilizes cutting-edge global technologies to ensure precision and accuracy in Die manufacturing. Our Die Shop Factory Annually [&hellip;]","og_url":"https:\/\/delemar.codev-eg.com\/de\/business-sectors\/aluminium-die-shop\/","og_site_name":"Delemar Aluminum","article_modified_time":"2025-03-23T18:47:03+00:00","og_image":[{"width":2560,"height":1707,"url":"https:\/\/delemar.codev-eg.com\/wp-content\/uploads\/2025\/02\/dieshop-sector-2-scaled.jpg","type":"image\/jpeg"}],"twitter_card":"summary_large_image","twitter_misc":{"Gesch\u00e4tzte Lesezeit":"2\u00a0Minuten"},"schema":{"@context":"https:\/\/schema.org","@graph":[{"@type":"WebPage","@id":"https:\/\/delemar.codev-eg.com\/business-sectors\/aluminium-die-shop\/","url":"https:\/\/delemar.codev-eg.com\/business-sectors\/aluminium-die-shop\/","name":"Aluminium Die Shop - Delemar Aluminum","isPartOf":{"@id":"https:\/\/delemar.codev-eg.com\/#website"},"primaryImageOfPage":{"@id":"https:\/\/delemar.codev-eg.com\/business-sectors\/aluminium-die-shop\/#primaryimage"},"image":{"@id":"https:\/\/delemar.codev-eg.com\/business-sectors\/aluminium-die-shop\/#primaryimage"},"thumbnailUrl":"https:\/\/delemar.codev-eg.com\/wp-content\/uploads\/2025\/02\/dieshop-sector-2-1024x683.jpg","datePublished":"2025-02-08T16:21:23+00:00","dateModified":"2025-03-23T18:47:03+00:00","breadcrumb":{"@id":"https:\/\/delemar.codev-eg.com\/business-sectors\/aluminium-die-shop\/#breadcrumb"},"inLanguage":"de","potentialAction":[{"@type":"ReadAction","target":["https:\/\/delemar.codev-eg.com\/business-sectors\/aluminium-die-shop\/"]}]},{"@type":"ImageObject","inLanguage":"de","@id":"https:\/\/delemar.codev-eg.com\/business-sectors\/aluminium-die-shop\/#primaryimage","url":"https:\/\/delemar.codev-eg.com\/wp-content\/uploads\/2025\/02\/dieshop-sector-2-1024x683.jpg","contentUrl":"https:\/\/delemar.codev-eg.com\/wp-content\/uploads\/2025\/02\/dieshop-sector-2-1024x683.jpg"},{"@type":"BreadcrumbList","@id":"https:\/\/delemar.codev-eg.com\/business-sectors\/aluminium-die-shop\/#breadcrumb","itemListElement":[{"@type":"ListItem","position":1,"name":"Home","item":"https:\/\/delemar.codev-eg.com\/"},{"@type":"ListItem","position":2,"name":"Business Sectors","item":"https:\/\/delemar.codev-eg.com\/business-sectors\/"},{"@type":"ListItem","position":3,"name":"Aluminium Die Shop"}]},{"@type":"WebSite","@id":"https:\/\/delemar.codev-eg.com\/#website","url":"https:\/\/delemar.codev-eg.com\/","name":"Delemar Aluminum","description":"","potentialAction":[{"@type":"SearchAction","target":{"@type":"EntryPoint","urlTemplate":"https:\/\/delemar.codev-eg.com\/?s={search_term_string}"},"query-input":{"@type":"PropertyValueSpecification","valueRequired":true,"valueName":"search_term_string"}}],"inLanguage":"de"}]}},"_links":{"self":[{"href":"https:\/\/delemar.codev-eg.com\/de\/wp-json\/wp\/v2\/pages\/1081","targetHints":{"allow":["GET"]}}],"collection":[{"href":"https:\/\/delemar.codev-eg.com\/de\/wp-json\/wp\/v2\/pages"}],"about":[{"href":"https:\/\/delemar.codev-eg.com\/de\/wp-json\/wp\/v2\/types\/page"}],"author":[{"embeddable":true,"href":"https:\/\/delemar.codev-eg.com\/de\/wp-json\/wp\/v2\/users\/1"}],"replies":[{"embeddable":true,"href":"https:\/\/delemar.codev-eg.com\/de\/wp-json\/wp\/v2\/comments?post=1081"}],"version-history":[{"count":0,"href":"https:\/\/delemar.codev-eg.com\/de\/wp-json\/wp\/v2\/pages\/1081\/revisions"}],"up":[{"embeddable":true,"href":"https:\/\/delemar.codev-eg.com\/de\/wp-json\/wp\/v2\/pages\/1075"}],"wp:attachment":[{"href":"https:\/\/delemar.codev-eg.com\/de\/wp-json\/wp\/v2\/media?parent=1081"}],"curies":[{"name":"wp","href":"https:\/\/api.w.org\/{rel}","templated":true}]}}