{"id":1075,"date":"2025-02-08T18:21:01","date_gmt":"2025-02-08T16:21:01","guid":{"rendered":"https:\/\/delemar.codev-eg.com\/?page_id=1075"},"modified":"2025-03-22T23:34:21","modified_gmt":"2025-03-22T21:34:21","slug":"business-sectors","status":"publish","type":"page","link":"https:\/\/delemar.codev-eg.com\/de\/business-sectors\/","title":{"rendered":"Gesch\u00e4ftsbereiche"},"content":{"rendered":"<div data-elementor-type=\"wp-page\" data-elementor-id=\"1075\" class=\"elementor elementor-1075\" data-elementor-post-type=\"page\">\n\t\t\t\t<div class=\"elementor-element elementor-element-ff5fcb5 e-con-full e-flex e-con e-parent\" data-id=\"ff5fcb5\" data-element_type=\"container\" data-settings=\"{&quot;ekit_has_onepagescroll_dot&quot;:&quot;yes&quot;}\">\n\t\t<div class=\"elementor-element elementor-element-705f56d e-con-full e-flex e-con e-child\" data-id=\"705f56d\" data-element_type=\"container\" data-settings=\"{&quot;ekit_has_onepagescroll_dot&quot;:&quot;yes&quot;}\">\n\t\t\t\t<div class=\"elementor-element elementor-element-5f6829a elementor-widget elementor-widget-breadcrumbs\" data-id=\"5f6829a\" data-element_type=\"widget\" data-settings=\"{&quot;ekit_we_effect_on&quot;:&quot;none&quot;}\" data-widget_type=\"breadcrumbs.default\">\n\t\t\t\t\t<p id=\"breadcrumbs\"><span><span><a href=\"https:\/\/delemar.codev-eg.com\/de\/\">Heim<\/a><\/span><\/span><\/p>\t\t\t\t<\/div>\n\t\t\t\t<div class=\"elementor-element elementor-element-24a4941 elementor-widget elementor-widget-heading\" data-id=\"24a4941\" data-element_type=\"widget\" data-settings=\"{&quot;ekit_we_effect_on&quot;:&quot;none&quot;}\" data-widget_type=\"heading.default\">\n\t\t\t\t\t<h2 class=\"elementor-heading-title elementor-size-default\">Gesch\u00e4ftsbereiche<\/h2>\t\t\t\t<\/div>\n\t\t\t\t<\/div>\n\t\t\t\t<\/div>\n\t\t<div class=\"elementor-element elementor-element-643d990 e-con-full e-flex e-con e-parent\" data-id=\"643d990\" data-element_type=\"container\" data-settings=\"{&quot;ekit_has_onepagescroll_dot&quot;:&quot;yes&quot;}\">\n\t\t<div class=\"elementor-element elementor-element-6447ec4 e-con-full e-flex e-con e-child\" data-id=\"6447ec4\" data-element_type=\"container\" data-settings=\"{&quot;ekit_has_onepagescroll_dot&quot;:&quot;yes&quot;}\">\n\t\t\t\t<div class=\"elementor-element elementor-element-d5caaba elementor-widget elementor-widget-heading\" data-id=\"d5caaba\" data-element_type=\"widget\" data-settings=\"{&quot;ekit_we_effect_on&quot;:&quot;none&quot;}\" data-widget_type=\"heading.default\">\n\t\t\t\t\t<h2 class=\"elementor-heading-title elementor-size-default\">Entdecken Sie unsere Branchen<\/h2>\t\t\t\t<\/div>\n\t\t\t\t<\/div>\n\t\t<div class=\"elementor-element elementor-element-85af11e e-con-full e-flex e-con e-child\" data-id=\"85af11e\" data-element_type=\"container\" data-settings=\"{&quot;ekit_has_onepagescroll_dot&quot;:&quot;yes&quot;}\">\n\t\t<div class=\"elementor-element elementor-element-7e3950b e-con-full e-flex e-con e-child\" data-id=\"7e3950b\" data-element_type=\"container\" data-settings=\"{&quot;background_background&quot;:&quot;classic&quot;,&quot;ekit_has_onepagescroll_dot&quot;:&quot;yes&quot;}\">\n\t\t\t\t<div class=\"elementor-element elementor-element-b286968 elementor-widget elementor-widget-image\" data-id=\"b286968\" data-element_type=\"widget\" data-settings=\"{&quot;ekit_we_effect_on&quot;:&quot;none&quot;}\" data-widget_type=\"image.default\">\n\t\t\t\t\t\t\t\t\t\t\t\t\t\t\t<img fetchpriority=\"high\" decoding=\"async\" width=\"1024\" height=\"214\" src=\"https:\/\/delemar.codev-eg.com\/wp-content\/uploads\/2025\/02\/1-1-1024x214.png\" class=\"attachment-large size-large wp-image-2048\" alt=\"\" srcset=\"https:\/\/delemar.codev-eg.com\/wp-content\/uploads\/2025\/02\/1-1-1024x214.png 1024w, https:\/\/delemar.codev-eg.com\/wp-content\/uploads\/2025\/02\/1-1-300x63.png 300w, https:\/\/delemar.codev-eg.com\/wp-content\/uploads\/2025\/02\/1-1-768x161.png 768w, https:\/\/delemar.codev-eg.com\/wp-content\/uploads\/2025\/02\/1-1-18x4.png 18w, https:\/\/delemar.codev-eg.com\/wp-content\/uploads\/2025\/02\/1-1.png 1536w\" sizes=\"(max-width: 1024px) 100vw, 1024px\" \/>\t\t\t\t\t\t\t\t\t\t\t\t\t\t\t<\/div>\n\t\t\t\t<div class=\"elementor-element elementor-element-d890c32 elementor-widget elementor-widget-heading\" data-id=\"d890c32\" data-element_type=\"widget\" data-settings=\"{&quot;ekit_we_effect_on&quot;:&quot;none&quot;}\" data-widget_type=\"heading.default\">\n\t\t\t\t\t<h2 class=\"elementor-heading-title elementor-size-default\">Bei der Delemar Industrial Group st\u00e4rken wir unsere F\u00fchrungsposition in der Aluminiumindustrie weiter durch strategische Expansion, Innovation und verbesserte Produktionskapazit\u00e4ten. Die Jahre 2023 und 2024 brachten Herausforderungen wie Konjunkturschwankungen und steigende Legierungskosten mit sich, doch unsere Anpassungsstrategien und unsere globale Reichweite haben uns f\u00fcr ein beispielloses Wachstum in der Produktion von Aluminiumprofilen positioniert.<\/h2>\t\t\t\t<\/div>\n\t\t\t\t<div class=\"elementor-element elementor-element-61b3ca0 animated-slow elementor-invisible elementor-widget elementor-widget-button\" data-id=\"61b3ca0\" data-element_type=\"widget\" data-settings=\"{&quot;_animation&quot;:&quot;fadeInUp&quot;,&quot;_animation_delay&quot;:800,&quot;ekit_we_effect_on&quot;:&quot;none&quot;}\" data-widget_type=\"button.default\">\n\t\t\t\t\t\t\t\t\t\t<a class=\"elementor-button elementor-button-link elementor-size-sm\" href=\"https:\/\/delemar.codev-eg.com\/de\/business-sectors\/aluminium-profiles-production\/\">\n\t\t\t\t\t\t<span class=\"elementor-button-content-wrapper\">\n\t\t\t\t\t\t\t\t\t<span class=\"elementor-button-text\">More about Aluminium Profiles Production<\/span>\n\t\t\t\t\t<\/span>\n\t\t\t\t\t<\/a>\n\t\t\t\t\t\t\t\t<\/div>\n\t\t\t\t<\/div>\n\t\t<div class=\"elementor-element elementor-element-bd6ed40 e-con-full e-flex e-con e-child\" data-id=\"bd6ed40\" data-element_type=\"container\" data-settings=\"{&quot;background_background&quot;:&quot;classic&quot;,&quot;ekit_has_onepagescroll_dot&quot;:&quot;yes&quot;}\">\n\t\t\t\t<div class=\"elementor-element elementor-element-d772421 elementor-widget elementor-widget-image\" data-id=\"d772421\" data-element_type=\"widget\" data-settings=\"{&quot;ekit_we_effect_on&quot;:&quot;none&quot;}\" data-widget_type=\"image.default\">\n\t\t\t\t\t\t\t\t\t\t\t\t\t\t\t<img decoding=\"async\" width=\"1024\" height=\"214\" src=\"https:\/\/delemar.codev-eg.com\/wp-content\/uploads\/2025\/02\/2-1-1024x214.png\" class=\"attachment-large size-large wp-image-2053\" alt=\"\" srcset=\"https:\/\/delemar.codev-eg.com\/wp-content\/uploads\/2025\/02\/2-1-1024x214.png 1024w, https:\/\/delemar.codev-eg.com\/wp-content\/uploads\/2025\/02\/2-1-300x63.png 300w, https:\/\/delemar.codev-eg.com\/wp-content\/uploads\/2025\/02\/2-1-768x161.png 768w, https:\/\/delemar.codev-eg.com\/wp-content\/uploads\/2025\/02\/2-1-18x4.png 18w, https:\/\/delemar.codev-eg.com\/wp-content\/uploads\/2025\/02\/2-1.png 1536w\" sizes=\"(max-width: 1024px) 100vw, 1024px\" \/>\t\t\t\t\t\t\t\t\t\t\t\t\t\t\t<\/div>\n\t\t\t\t<div class=\"elementor-element elementor-element-a5a1320 elementor-widget elementor-widget-heading\" data-id=\"a5a1320\" data-element_type=\"widget\" data-settings=\"{&quot;ekit_we_effect_on&quot;:&quot;none&quot;}\" data-widget_type=\"heading.default\">\n\t\t\t\t\t<h2 class=\"elementor-heading-title elementor-size-default\">Die Aluminiumbeschichtungsabteilung von Delemar betreibt eine umfassende Beschichtungsstra\u00dfe, die eine Vielzahl von Oberfl\u00e4chenbehandlungen anbietet, darunter RAL-, Struktur-, Metallic- und Holzoptiken. Unsere hochmoderne Pulverbeschichtungsanlage gew\u00e4hrleistet einen hervorragenden Schutz f\u00fcr Aluminiumprodukte, wobei ein sorgf\u00e4ltiger Farbmessprozess zertifizierte Qualit\u00e4tsbeschichtungen garantiert. Durch die Einhaltung des Qualicoat-Standards verfolgen wir das Ziel, Langlebigkeit und Mehrwert f\u00fcr Eigent\u00fcmer und Nutzer von Geb\u00e4uden zu gew\u00e4hrleisten.<\/h2>\t\t\t\t<\/div>\n\t\t\t\t<div class=\"elementor-element elementor-element-58b2179 animated-slow elementor-invisible elementor-widget elementor-widget-button\" data-id=\"58b2179\" data-element_type=\"widget\" data-settings=\"{&quot;_animation&quot;:&quot;fadeInUp&quot;,&quot;_animation_delay&quot;:800,&quot;ekit_we_effect_on&quot;:&quot;none&quot;}\" data-widget_type=\"button.default\">\n\t\t\t\t\t\t\t\t\t\t<a class=\"elementor-button elementor-button-link elementor-size-sm\" href=\"https:\/\/delemar.codev-eg.com\/de\/business-sectors\/aluminium-coating-profiles\/\">\n\t\t\t\t\t\t<span class=\"elementor-button-content-wrapper\">\n\t\t\t\t\t\t\t\t\t<span class=\"elementor-button-text\">More about Aluminium Coating Profiles<\/span>\n\t\t\t\t\t<\/span>\n\t\t\t\t\t<\/a>\n\t\t\t\t\t\t\t\t<\/div>\n\t\t\t\t<\/div>\n\t\t<div class=\"elementor-element elementor-element-268c39b e-con-full e-flex e-con e-child\" data-id=\"268c39b\" data-element_type=\"container\" data-settings=\"{&quot;background_background&quot;:&quot;classic&quot;,&quot;ekit_has_onepagescroll_dot&quot;:&quot;yes&quot;}\">\n\t\t\t\t<div class=\"elementor-element elementor-element-2c214f8 elementor-widget elementor-widget-image\" data-id=\"2c214f8\" data-element_type=\"widget\" data-settings=\"{&quot;ekit_we_effect_on&quot;:&quot;none&quot;}\" data-widget_type=\"image.default\">\n\t\t\t\t\t\t\t\t\t\t\t\t\t\t\t<img decoding=\"async\" width=\"1024\" height=\"214\" src=\"https:\/\/delemar.codev-eg.com\/wp-content\/uploads\/2025\/03\/3-1-3.svg\" class=\"attachment-large size-large wp-image-2849\" alt=\"\" \/>\t\t\t\t\t\t\t\t\t\t\t\t\t\t\t<\/div>\n\t\t\t\t<div class=\"elementor-element elementor-element-ef6ca15 elementor-widget elementor-widget-heading\" data-id=\"ef6ca15\" data-element_type=\"widget\" data-settings=\"{&quot;ekit_we_effect_on&quot;:&quot;none&quot;}\" data-widget_type=\"heading.default\">\n\t\t\t\t\t<h2 class=\"elementor-heading-title elementor-size-default\">Delemars Matrizenwerkstatt produziert j\u00e4hrlich 3000 Matrizen und unterst\u00fctzt den Pressvorgang durch die Herstellung von Aluminiumprofilformen. Ausgestattet mit Drahtschneidemaschinen, Funkengravur, CNC-Fr\u00e4smaschinen und manuellen Fr\u00e4smaschinen nutzt unsere Matrizenwerkstatt modernste globale Technologien, um Pr\u00e4zision und Genauigkeit bei der Matrizenherstellung zu gew\u00e4hrleisten.<\/h2>\t\t\t\t<\/div>\n\t\t\t\t<div class=\"elementor-element elementor-element-44f6602 animated-slow elementor-invisible elementor-widget elementor-widget-button\" data-id=\"44f6602\" data-element_type=\"widget\" data-settings=\"{&quot;_animation&quot;:&quot;fadeInUp&quot;,&quot;_animation_delay&quot;:800,&quot;ekit_we_effect_on&quot;:&quot;none&quot;}\" data-widget_type=\"button.default\">\n\t\t\t\t\t\t\t\t\t\t<a class=\"elementor-button elementor-button-link elementor-size-sm\" href=\"https:\/\/delemar.codev-eg.com\/de\/business-sectors\/aluminium-die-shop\/\">\n\t\t\t\t\t\t<span class=\"elementor-button-content-wrapper\">\n\t\t\t\t\t\t\t\t\t<span class=\"elementor-button-text\">More about Aluminium Die Shop<\/span>\n\t\t\t\t\t<\/span>\n\t\t\t\t\t<\/a>\n\t\t\t\t\t\t\t\t<\/div>\n\t\t\t\t<\/div>\n\t\t<div class=\"elementor-element elementor-element-8e8c608 e-con-full e-flex e-con e-child\" data-id=\"8e8c608\" data-element_type=\"container\" data-settings=\"{&quot;background_background&quot;:&quot;classic&quot;,&quot;ekit_has_onepagescroll_dot&quot;:&quot;yes&quot;}\">\n\t\t\t\t<div class=\"elementor-element elementor-element-e062dde elementor-widget elementor-widget-image\" data-id=\"e062dde\" data-element_type=\"widget\" data-settings=\"{&quot;ekit_we_effect_on&quot;:&quot;none&quot;}\" data-widget_type=\"image.default\">\n\t\t\t\t\t\t\t\t\t\t\t\t\t\t\t<img loading=\"lazy\" decoding=\"async\" width=\"1024\" height=\"214\" src=\"https:\/\/delemar.codev-eg.com\/wp-content\/uploads\/2025\/02\/4-1-1024x214.png\" class=\"attachment-large size-large wp-image-2073\" alt=\"\" srcset=\"https:\/\/delemar.codev-eg.com\/wp-content\/uploads\/2025\/02\/4-1-1024x214.png 1024w, https:\/\/delemar.codev-eg.com\/wp-content\/uploads\/2025\/02\/4-1-300x63.png 300w, https:\/\/delemar.codev-eg.com\/wp-content\/uploads\/2025\/02\/4-1-768x161.png 768w, https:\/\/delemar.codev-eg.com\/wp-content\/uploads\/2025\/02\/4-1-18x4.png 18w, https:\/\/delemar.codev-eg.com\/wp-content\/uploads\/2025\/02\/4-1.png 1536w\" sizes=\"(max-width: 1024px) 100vw, 1024px\" \/>\t\t\t\t\t\t\t\t\t\t\t\t\t\t\t<\/div>\n\t\t\t\t<div class=\"elementor-element elementor-element-4be11b7 elementor-widget elementor-widget-heading\" data-id=\"4be11b7\" data-element_type=\"widget\" data-settings=\"{&quot;ekit_we_effect_on&quot;:&quot;none&quot;}\" data-widget_type=\"heading.default\">\n\t\t\t\t\t<h2 class=\"elementor-heading-title elementor-size-default\">Gegr\u00fcndet im Jahr 2021, steht DPG f\u00fcr unser Engagement, hochleistungsf\u00e4higes Architekturglas anzubieten und unsere Vision zu verwirklichen, ein Komplettanbieter f\u00fcr industrielle Materialien zu werden. Trotz seiner jungen Existenz ist DPG stolz darauf, \u00fcber die modernste Technologie und technisches Fachwissen auf dem Markt zu verf\u00fcgen. Mit europ\u00e4ischen Produktionslinien und Komponenten garantiert DPG internationale Qualit\u00e4tsstandards und schnelle Lieferzeiten.<\/h2>\t\t\t\t<\/div>\n\t\t\t\t<div class=\"elementor-element elementor-element-36e5960 animated-slow elementor-invisible elementor-widget elementor-widget-button\" data-id=\"36e5960\" data-element_type=\"widget\" data-settings=\"{&quot;_animation&quot;:&quot;fadeInUp&quot;,&quot;_animation_delay&quot;:800,&quot;ekit_we_effect_on&quot;:&quot;none&quot;}\" data-widget_type=\"button.default\">\n\t\t\t\t\t\t\t\t\t\t<a class=\"elementor-button elementor-button-link elementor-size-sm\" href=\"https:\/\/delemar.codev-eg.com\/de\/business-sectors\/processed-glass-dpg\/\">\n\t\t\t\t\t\t<span class=\"elementor-button-content-wrapper\">\n\t\t\t\t\t\t\t\t\t<span class=\"elementor-button-text\">More about Processed Glass (DPG)<\/span>\n\t\t\t\t\t<\/span>\n\t\t\t\t\t<\/a>\n\t\t\t\t\t\t\t\t<\/div>\n\t\t\t\t<\/div>\n\t\t\t\t<\/div>\n\t\t\t\t<\/div>\n\t\t\t\t<\/div>","protected":false},"excerpt":{"rendered":"<p>Explore Our Sectors At Delemar Industrial Group, we continue to strengthen our leadership in the aluminium industry through strategic expansion, innovation, and enhanced production capabilities. The years 2023 and 2024 presented challenges such as economic fluctuations and rising alloy costs, yet our adaptive strategies and global outreach have positioned us for unprecedented growth in aluminium [&hellip;]<\/p>","protected":false},"author":1,"featured_media":0,"parent":0,"menu_order":0,"comment_status":"closed","ping_status":"closed","template":"","meta":{"_acf_changed":false,"footnotes":""},"class_list":["post-1075","page","type-page","status-publish","hentry"],"blocksy_meta":[],"acf":[],"yoast_head":"<!-- This site is optimized with the Yoast SEO plugin v24.9 - https:\/\/yoast.com\/wordpress\/plugins\/seo\/ -->\n<title>Business Sectors - Delemar Aluminum<\/title>\n<meta name=\"robots\" content=\"index, follow, max-snippet:-1, max-image-preview:large, max-video-preview:-1\" \/>\n<link rel=\"canonical\" href=\"https:\/\/delemar.codev-eg.com\/de\/business-sectors\/\" \/>\n<meta property=\"og:locale\" content=\"de_DE\" \/>\n<meta property=\"og:type\" content=\"article\" \/>\n<meta property=\"og:title\" content=\"Business Sectors - Delemar Aluminum\" \/>\n<meta property=\"og:description\" content=\"Explore Our Sectors At Delemar Industrial Group, we continue to strengthen our leadership in the aluminium industry through strategic expansion, innovation, and enhanced production capabilities. The years 2023 and 2024 presented challenges such as economic fluctuations and rising alloy costs, yet our adaptive strategies and global outreach have positioned us for unprecedented growth in aluminium [&hellip;]\" \/>\n<meta property=\"og:url\" content=\"https:\/\/delemar.codev-eg.com\/de\/business-sectors\/\" \/>\n<meta property=\"og:site_name\" content=\"Delemar Aluminum\" \/>\n<meta property=\"article:modified_time\" content=\"2025-03-22T21:34:21+00:00\" \/>\n<meta property=\"og:image\" content=\"https:\/\/delemar.codev-eg.com\/wp-content\/uploads\/2025\/02\/1-1.png\" \/>\n\t<meta property=\"og:image:width\" content=\"1536\" \/>\n\t<meta property=\"og:image:height\" content=\"321\" \/>\n\t<meta property=\"og:image:type\" content=\"image\/png\" \/>\n<meta name=\"twitter:card\" content=\"summary_large_image\" \/>\n<meta name=\"twitter:label1\" content=\"Gesch\u00e4tzte Lesezeit\" \/>\n\t<meta name=\"twitter:data1\" content=\"2\u00a0Minuten\" \/>\n<script type=\"application\/ld+json\" class=\"yoast-schema-graph\">{\"@context\":\"https:\/\/schema.org\",\"@graph\":[{\"@type\":\"WebPage\",\"@id\":\"https:\/\/delemar.codev-eg.com\/business-sectors\/\",\"url\":\"https:\/\/delemar.codev-eg.com\/business-sectors\/\",\"name\":\"Business Sectors - Delemar Aluminum\",\"isPartOf\":{\"@id\":\"https:\/\/delemar.codev-eg.com\/#website\"},\"primaryImageOfPage\":{\"@id\":\"https:\/\/delemar.codev-eg.com\/business-sectors\/#primaryimage\"},\"image\":{\"@id\":\"https:\/\/delemar.codev-eg.com\/business-sectors\/#primaryimage\"},\"thumbnailUrl\":\"https:\/\/delemar.codev-eg.com\/wp-content\/uploads\/2025\/02\/1-1-1024x214.png\",\"datePublished\":\"2025-02-08T16:21:01+00:00\",\"dateModified\":\"2025-03-22T21:34:21+00:00\",\"breadcrumb\":{\"@id\":\"https:\/\/delemar.codev-eg.com\/business-sectors\/#breadcrumb\"},\"inLanguage\":\"de\",\"potentialAction\":[{\"@type\":\"ReadAction\",\"target\":[\"https:\/\/delemar.codev-eg.com\/business-sectors\/\"]}]},{\"@type\":\"ImageObject\",\"inLanguage\":\"de\",\"@id\":\"https:\/\/delemar.codev-eg.com\/business-sectors\/#primaryimage\",\"url\":\"https:\/\/delemar.codev-eg.com\/wp-content\/uploads\/2025\/02\/1-1-1024x214.png\",\"contentUrl\":\"https:\/\/delemar.codev-eg.com\/wp-content\/uploads\/2025\/02\/1-1-1024x214.png\"},{\"@type\":\"BreadcrumbList\",\"@id\":\"https:\/\/delemar.codev-eg.com\/business-sectors\/#breadcrumb\",\"itemListElement\":[{\"@type\":\"ListItem\",\"position\":1,\"name\":\"Home\",\"item\":\"https:\/\/delemar.codev-eg.com\/\"},{\"@type\":\"ListItem\",\"position\":2,\"name\":\"Business Sectors\"}]},{\"@type\":\"WebSite\",\"@id\":\"https:\/\/delemar.codev-eg.com\/#website\",\"url\":\"https:\/\/delemar.codev-eg.com\/\",\"name\":\"Delemar Aluminum\",\"description\":\"\",\"potentialAction\":[{\"@type\":\"SearchAction\",\"target\":{\"@type\":\"EntryPoint\",\"urlTemplate\":\"https:\/\/delemar.codev-eg.com\/?s={search_term_string}\"},\"query-input\":{\"@type\":\"PropertyValueSpecification\",\"valueRequired\":true,\"valueName\":\"search_term_string\"}}],\"inLanguage\":\"de\"}]}<\/script>\n<!-- \/ Yoast SEO plugin. -->","yoast_head_json":{"title":"Business Sectors - Delemar Aluminum","robots":{"index":"index","follow":"follow","max-snippet":"max-snippet:-1","max-image-preview":"max-image-preview:large","max-video-preview":"max-video-preview:-1"},"canonical":"https:\/\/delemar.codev-eg.com\/de\/business-sectors\/","og_locale":"de_DE","og_type":"article","og_title":"Business Sectors - Delemar Aluminum","og_description":"Explore Our Sectors At Delemar Industrial Group, we continue to strengthen our leadership in the aluminium industry through strategic expansion, innovation, and enhanced production capabilities. The years 2023 and 2024 presented challenges such as economic fluctuations and rising alloy costs, yet our adaptive strategies and global outreach have positioned us for unprecedented growth in aluminium [&hellip;]","og_url":"https:\/\/delemar.codev-eg.com\/de\/business-sectors\/","og_site_name":"Delemar Aluminum","article_modified_time":"2025-03-22T21:34:21+00:00","og_image":[{"width":1536,"height":321,"url":"https:\/\/delemar.codev-eg.com\/wp-content\/uploads\/2025\/02\/1-1.png","type":"image\/png"}],"twitter_card":"summary_large_image","twitter_misc":{"Gesch\u00e4tzte Lesezeit":"2\u00a0Minuten"},"schema":{"@context":"https:\/\/schema.org","@graph":[{"@type":"WebPage","@id":"https:\/\/delemar.codev-eg.com\/business-sectors\/","url":"https:\/\/delemar.codev-eg.com\/business-sectors\/","name":"Business Sectors - Delemar Aluminum","isPartOf":{"@id":"https:\/\/delemar.codev-eg.com\/#website"},"primaryImageOfPage":{"@id":"https:\/\/delemar.codev-eg.com\/business-sectors\/#primaryimage"},"image":{"@id":"https:\/\/delemar.codev-eg.com\/business-sectors\/#primaryimage"},"thumbnailUrl":"https:\/\/delemar.codev-eg.com\/wp-content\/uploads\/2025\/02\/1-1-1024x214.png","datePublished":"2025-02-08T16:21:01+00:00","dateModified":"2025-03-22T21:34:21+00:00","breadcrumb":{"@id":"https:\/\/delemar.codev-eg.com\/business-sectors\/#breadcrumb"},"inLanguage":"de","potentialAction":[{"@type":"ReadAction","target":["https:\/\/delemar.codev-eg.com\/business-sectors\/"]}]},{"@type":"ImageObject","inLanguage":"de","@id":"https:\/\/delemar.codev-eg.com\/business-sectors\/#primaryimage","url":"https:\/\/delemar.codev-eg.com\/wp-content\/uploads\/2025\/02\/1-1-1024x214.png","contentUrl":"https:\/\/delemar.codev-eg.com\/wp-content\/uploads\/2025\/02\/1-1-1024x214.png"},{"@type":"BreadcrumbList","@id":"https:\/\/delemar.codev-eg.com\/business-sectors\/#breadcrumb","itemListElement":[{"@type":"ListItem","position":1,"name":"Home","item":"https:\/\/delemar.codev-eg.com\/"},{"@type":"ListItem","position":2,"name":"Business Sectors"}]},{"@type":"WebSite","@id":"https:\/\/delemar.codev-eg.com\/#website","url":"https:\/\/delemar.codev-eg.com\/","name":"Delemar Aluminum","description":"","potentialAction":[{"@type":"SearchAction","target":{"@type":"EntryPoint","urlTemplate":"https:\/\/delemar.codev-eg.com\/?s={search_term_string}"},"query-input":{"@type":"PropertyValueSpecification","valueRequired":true,"valueName":"search_term_string"}}],"inLanguage":"de"}]}},"_links":{"self":[{"href":"https:\/\/delemar.codev-eg.com\/de\/wp-json\/wp\/v2\/pages\/1075","targetHints":{"allow":["GET"]}}],"collection":[{"href":"https:\/\/delemar.codev-eg.com\/de\/wp-json\/wp\/v2\/pages"}],"about":[{"href":"https:\/\/delemar.codev-eg.com\/de\/wp-json\/wp\/v2\/types\/page"}],"author":[{"embeddable":true,"href":"https:\/\/delemar.codev-eg.com\/de\/wp-json\/wp\/v2\/users\/1"}],"replies":[{"embeddable":true,"href":"https:\/\/delemar.codev-eg.com\/de\/wp-json\/wp\/v2\/comments?post=1075"}],"version-history":[{"count":0,"href":"https:\/\/delemar.codev-eg.com\/de\/wp-json\/wp\/v2\/pages\/1075\/revisions"}],"wp:attachment":[{"href":"https:\/\/delemar.codev-eg.com\/de\/wp-json\/wp\/v2\/media?parent=1075"}],"curies":[{"name":"wp","href":"https:\/\/api.w.org\/{rel}","templated":true}]}}